{"id":268,"date":"2025-10-04T15:17:01","date_gmt":"2025-10-04T20:17:01","guid":{"rendered":"https:\/\/www.laprensaoriente.info\/especiales\/amvsn\/?page_id=268"},"modified":"2025-10-04T16:42:14","modified_gmt":"2025-10-04T21:42:14","slug":"inicio","status":"publish","type":"page","link":"https:\/\/www.laprensaoriente.info\/especiales\/amvsn\/","title":{"rendered":"Inicio"},"content":{"rendered":"\t\t<div data-elementor-type=\"wp-page\" data-elementor-id=\"268\" class=\"elementor elementor-268\" data-elementor-post-type=\"page\">\n\t\t\t\t<div class=\"elementor-element elementor-element-1cdff9d e-con-full e-flex e-con e-parent\" data-id=\"1cdff9d\" data-element_type=\"container\" data-settings=\"{&quot;background_background&quot;:&quot;classic&quot;}\">\n\t\t<div class=\"elementor-element elementor-element-905ebcd e-con-full e-flex e-con e-child\" data-id=\"905ebcd\" data-element_type=\"container\">\n\t\t\t\t<div class=\"elementor-element elementor-element-5f65bee elementor-widget elementor-widget-image\" data-id=\"5f65bee\" data-element_type=\"widget\" data-widget_type=\"image.default\">\n\t\t\t\t<div class=\"elementor-widget-container\">\n\t\t\t\t\t\t\t\t\t\t\t\t\t\t\t<img loading=\"lazy\" loading=\"lazy\" decoding=\"async\" width=\"2560\" height=\"1242\" src=\"https:\/\/www.laprensaoriente.info\/especiales\/amvsn\/wp-content\/uploads\/2025\/10\/Portada-AMVS-scaled.webp\" class=\"attachment-full size-full wp-image-269\" alt=\"\" srcset=\"https:\/\/www.laprensaoriente.info\/especiales\/amvsn\/wp-content\/uploads\/2025\/10\/Portada-AMVS-scaled.webp 2560w, https:\/\/www.laprensaoriente.info\/especiales\/amvsn\/wp-content\/uploads\/2025\/10\/Portada-AMVS-300x146.webp 300w, https:\/\/www.laprensaoriente.info\/especiales\/amvsn\/wp-content\/uploads\/2025\/10\/Portada-AMVS-1024x497.webp 1024w, https:\/\/www.laprensaoriente.info\/especiales\/amvsn\/wp-content\/uploads\/2025\/10\/Portada-AMVS-768x373.webp 768w, https:\/\/www.laprensaoriente.info\/especiales\/amvsn\/wp-content\/uploads\/2025\/10\/Portada-AMVS-1536x745.webp 1536w, https:\/\/www.laprensaoriente.info\/especiales\/amvsn\/wp-content\/uploads\/2025\/10\/Portada-AMVS-2048x994.webp 2048w, https:\/\/www.laprensaoriente.info\/especiales\/amvsn\/wp-content\/uploads\/2025\/10\/Portada-AMVS-860x417.webp 860w\" sizes=\"auto, (max-width: 2560px) 100vw, 2560px\" \/>\t\t\t\t\t\t\t\t\t\t\t\t\t\t\t<\/div>\n\t\t\t\t<\/div>\n\t\t\t\t<\/div>\n\t\t\t\t<\/div>\n\t\t<div class=\"elementor-element elementor-element-04af67b e-flex e-con-boxed e-con e-parent\" data-id=\"04af67b\" data-element_type=\"container\">\n\t\t\t\t\t<div class=\"e-con-inner\">\n\t\t\t\t<div class=\"elementor-element elementor-element-8e9b202 elementor-widget elementor-widget-text-editor\" data-id=\"8e9b202\" data-element_type=\"widget\" data-widget_type=\"text-editor.default\">\n\t\t\t\t<div class=\"elementor-widget-container\">\n\t\t\t\t\t\t\t\t\t<p>La frontera agr\u00edcola en la centralidad del municipio de El Santuario, es evidencia de un cambio acelerado en el uso del suelo. Foto: Cortes\u00eda<\/p>\t\t\t\t\t\t\t\t<\/div>\n\t\t\t\t<\/div>\n\t\t\t\t\t<\/div>\n\t\t\t\t<\/div>\n\t\t<div class=\"elementor-element elementor-element-e900f1d e-flex e-con-boxed e-con e-parent\" data-id=\"e900f1d\" data-element_type=\"container\">\n\t\t\t\t\t<div class=\"e-con-inner\">\n\t\t\t\t<div class=\"elementor-element elementor-element-3b94e9d elementor-widget__width-initial elementor-absolute elementor-widget elementor-widget-image\" data-id=\"3b94e9d\" data-element_type=\"widget\" data-settings=\"{&quot;_position&quot;:&quot;absolute&quot;}\" data-widget_type=\"image.default\">\n\t\t\t\t<div class=\"elementor-widget-container\">\n\t\t\t\t\t\t\t\t\t\t\t\t\t\t\t<img loading=\"lazy\" loading=\"lazy\" decoding=\"async\" width=\"115\" height=\"118\" src=\"https:\/\/www.laprensaoriente.info\/especiales\/amvsn\/wp-content\/uploads\/2025\/10\/linea-portada.webp\" class=\"attachment-large size-large wp-image-275\" alt=\"\" \/>\t\t\t\t\t\t\t\t\t\t\t\t\t\t\t<\/div>\n\t\t\t\t<\/div>\n\t\t\t\t<div class=\"elementor-element elementor-element-0ace84f elementor-widget elementor-widget-heading\" data-id=\"0ace84f\" data-element_type=\"widget\" data-widget_type=\"heading.default\">\n\t\t\t\t<div class=\"elementor-widget-container\">\n\t\t\t\t\t<h2 class=\"elementor-heading-title elementor-size-default\">El Valle de San Nicol\u00e1s: <\/h2>\t\t\t\t<\/div>\n\t\t\t\t<\/div>\n\t\t\t\t<div class=\"elementor-element elementor-element-5f7a56e elementor-widget elementor-widget-heading\" data-id=\"5f7a56e\" data-element_type=\"widget\" data-widget_type=\"heading.default\">\n\t\t\t\t<div class=\"elementor-widget-container\">\n\t\t\t\t\t<h2 class=\"elementor-heading-title elementor-size-default\">Un Modelo de Integraci\u00f3n para el Desarrollo Sostenible<\/h2>\t\t\t\t<\/div>\n\t\t\t\t<\/div>\n\t\t\t\t<div class=\"elementor-element elementor-element-afa27d7 elementor-widget__width-initial elementor-widget elementor-widget-text-editor\" data-id=\"afa27d7\" data-element_type=\"widget\" data-widget_type=\"text-editor.default\">\n\t\t\t\t<div class=\"elementor-widget-container\">\n\t\t\t\t\t\t\t\t\t<p>El Oriente Antioque\u00f1o est\u00e1 en v\u00edsperas de una de las decisiones m\u00e1s importantes de su historia reciente: el pr\u00f3ximo 9 de noviembre, ocho municipios del altiplano acudir\u00e1n a las urnas para decidir si conforman el \u00c1rea Metropolitana del Valle de San Nicol\u00e1s. Lo que est\u00e1 en juego no es un simple tr\u00e1mite administrativo, sino el modelo de desarrollo que marcar\u00e1 el rumbo del territorio en las pr\u00f3ximas d\u00e9cadas.<\/p>\t\t\t\t\t\t\t\t<\/div>\n\t\t\t\t<\/div>\n\t\t\t\t\t<\/div>\n\t\t\t\t<\/div>\n\t\t<div class=\"elementor-element elementor-element-77208b1 e-flex e-con-boxed e-con e-parent\" data-id=\"77208b1\" data-element_type=\"container\">\n\t\t\t\t\t<div class=\"e-con-inner\">\n\t\t\t\t<div class=\"elementor-element elementor-element-a7acc52 elementor-widget__width-initial elementor-widget elementor-widget-image\" data-id=\"a7acc52\" data-element_type=\"widget\" data-widget_type=\"image.default\">\n\t\t\t\t<div class=\"elementor-widget-container\">\n\t\t\t\t\t\t\t\t\t\t\t\t\t\t\t<img loading=\"lazy\" loading=\"lazy\" decoding=\"async\" width=\"2050\" height=\"609\" src=\"https:\/\/www.laprensaoriente.info\/especiales\/amvsn\/wp-content\/uploads\/2025\/10\/fotos-portada.webp\" class=\"attachment-full size-full wp-image-276\" alt=\"\" srcset=\"https:\/\/www.laprensaoriente.info\/especiales\/amvsn\/wp-content\/uploads\/2025\/10\/fotos-portada.webp 2050w, https:\/\/www.laprensaoriente.info\/especiales\/amvsn\/wp-content\/uploads\/2025\/10\/fotos-portada-300x89.webp 300w, https:\/\/www.laprensaoriente.info\/especiales\/amvsn\/wp-content\/uploads\/2025\/10\/fotos-portada-1024x304.webp 1024w, https:\/\/www.laprensaoriente.info\/especiales\/amvsn\/wp-content\/uploads\/2025\/10\/fotos-portada-768x228.webp 768w, https:\/\/www.laprensaoriente.info\/especiales\/amvsn\/wp-content\/uploads\/2025\/10\/fotos-portada-1536x456.webp 1536w, https:\/\/www.laprensaoriente.info\/especiales\/amvsn\/wp-content\/uploads\/2025\/10\/fotos-portada-2048x608.webp 2048w, https:\/\/www.laprensaoriente.info\/especiales\/amvsn\/wp-content\/uploads\/2025\/10\/fotos-portada-860x255.webp 860w\" sizes=\"auto, (max-width: 2050px) 100vw, 2050px\" \/>\t\t\t\t\t\t\t\t\t\t\t\t\t\t\t<\/div>\n\t\t\t\t<\/div>\n\t\t\t\t\t<\/div>\n\t\t\t\t<\/div>\n\t\t\t\t<\/div>\n\t\t","protected":false},"excerpt":{"rendered":"<p>La frontera agr\u00edcola en la centralidad del municipio de El Santuario, es evidencia de un cambio acelerado en el uso del suelo. Foto: Cortes\u00eda El Valle de San Nicol\u00e1s: Un Modelo de Integraci\u00f3n para el Desarrollo Sostenible El Oriente Antioque\u00f1o est\u00e1 en v\u00edsperas de una de las decisiones m\u00e1s importantes de su historia reciente: el [&hellip;]<\/p>\n","protected":false},"author":1,"featured_media":0,"parent":0,"menu_order":0,"comment_status":"closed","ping_status":"closed","template":"","meta":{"footnotes":""},"class_list":["post-268","page","type-page","status-publish"],"_links":{"self":[{"href":"https:\/\/www.laprensaoriente.info\/especiales\/amvsn\/wp-json\/wp\/v2\/pages\/268","targetHints":{"allow":["GET"]}}],"collection":[{"href":"https:\/\/www.laprensaoriente.info\/especiales\/amvsn\/wp-json\/wp\/v2\/pages"}],"about":[{"href":"https:\/\/www.laprensaoriente.info\/especiales\/amvsn\/wp-json\/wp\/v2\/types\/page"}],"author":[{"embeddable":true,"href":"https:\/\/www.laprensaoriente.info\/especiales\/amvsn\/wp-json\/wp\/v2\/users\/1"}],"replies":[{"embeddable":true,"href":"https:\/\/www.laprensaoriente.info\/especiales\/amvsn\/wp-json\/wp\/v2\/comments?post=268"}],"version-history":[{"count":21,"href":"https:\/\/www.laprensaoriente.info\/especiales\/amvsn\/wp-json\/wp\/v2\/pages\/268\/revisions"}],"predecessor-version":[{"id":294,"href":"https:\/\/www.laprensaoriente.info\/especiales\/amvsn\/wp-json\/wp\/v2\/pages\/268\/revisions\/294"}],"wp:attachment":[{"href":"https:\/\/www.laprensaoriente.info\/especiales\/amvsn\/wp-json\/wp\/v2\/media?parent=268"}],"curies":[{"name":"wp","href":"https:\/\/api.w.org\/{rel}","templated":true}]}}